{"id":11557,"date":"2024-02-09T00:25:41","date_gmt":"2024-02-08T23:25:41","guid":{"rendered":"https:\/\/eversor.be\/autres-organismes-nuisibles\/"},"modified":"2024-06-04T21:45:51","modified_gmt":"2024-06-04T20:45:51","slug":"autres-organismes-nuisibles","status":"publish","type":"page","link":"https:\/\/eversor.be\/fr\/autres-organismes-nuisibles\/","title":{"rendered":"Autres organismes nuisibles"},"content":{"rendered":"<div class=\"gb-container gb-container-e1311649 alignfull\">\n<div class=\"gb-container gb-container-5dd87c42\">\n<div class=\"gb-container gb-container-0da364f9\">\n<div class=\"gb-container gb-container-63771f1f\">\n<div class=\"gb-grid-wrapper gb-grid-wrapper-f6520767\">\n<div class=\"gb-grid-column gb-grid-column-d55db46a\"><div class=\"gb-container gb-container-d55db46a\">\n\n<h1 class=\"gb-headline gb-headline-5938f94c gb-headline-text\">Autres organismes nuisibles<\/h1>\n\n\n\n<p class=\"gb-headline gb-headline-edd9f199 gb-headline-text\">Les parasites dont vous souffrez ne figurent pas sur notre site ? Ne vous inqui\u00e9tez pas.<\/p>\n\n\n<div class=\"gb-container gb-container-994b6960\">\n\n<a class=\"gb-button gb-button-9d5cf7c6 gb-button-text smooth-scroll\" href=\"#diveinhoreca\">Poursuivre<\/a>\n\n<\/div>\n<\/div><\/div>\n<\/div>\n<\/div>\n<div class=\"gb-shapes\"><div class=\"gb-shape gb-shape-1\"><svg xmlns=\"http:\/\/www.w3.org\/2000\/svg\" viewBox=\"0 0 1200 194.3\" preserveAspectRatio=\"none\"><path d=\"M1200 133.3l-50 8.9c-50 8.6-150 26.9-250 31.1-100 4.2-200-4.2-300-26.7S400 89.2 300 62.2C200 35.8 100 17.5 50 8.9L0 0v194.3h1200v-61z\"\/><\/svg><\/div><\/div><\/div>\n<\/div>\n\n<div class=\"gb-container gb-container-f7af56dd\" id=\"diveinhoreca\">\n<div class=\"gb-container gb-container-856d4b25\">\n<div class=\"gb-grid-wrapper gb-grid-wrapper-c786f00c\">\n<div class=\"gb-grid-column gb-grid-column-d05784f3\"><div class=\"gb-container gb-container-d05784f3\">\n\n<figure class=\"gb-block-image gb-block-image-deadf778\"><img fetchpriority=\"high\" decoding=\"async\" width=\"1500\" height=\"1000\" class=\"gb-image gb-image-deadf778\" src=\"https:\/\/eversor.be\/wp-content\/uploads\/2024\/03\/Eversor-FAQs.jpeg\" alt=\"\" title=\"Eversor-FAQs\" srcset=\"https:\/\/eversor.be\/wp-content\/uploads\/2024\/03\/Eversor-FAQs.jpeg 1500w, https:\/\/eversor.be\/wp-content\/uploads\/2024\/03\/Eversor-FAQs-300x200.jpeg 300w, https:\/\/eversor.be\/wp-content\/uploads\/2024\/03\/Eversor-FAQs-600x400.jpeg 600w, https:\/\/eversor.be\/wp-content\/uploads\/2024\/03\/Eversor-FAQs-1024x683.jpeg 1024w, https:\/\/eversor.be\/wp-content\/uploads\/2024\/03\/Eversor-FAQs-768x512.jpeg 768w, https:\/\/eversor.be\/wp-content\/uploads\/2024\/03\/Eversor-FAQs-1320x880.jpeg 1320w\" sizes=\"(max-width: 1500px) 100vw, 1500px\" \/><\/figure>\n\n<\/div><\/div>\n\n<div class=\"gb-grid-column gb-grid-column-a860ba8c\"><div class=\"gb-container gb-container-a860ba8c\">\n\n<h2 class=\"gb-headline gb-headline-214312d9 gb-headline-text\">Autres organismes nuisibles<\/h2>\n\n\n<div class=\"gb-container gb-container-9df1fdde\">\n\n<p class=\"gb-headline gb-headline-c5a61759 gb-headline-text\">Vous trouverez ci-dessous une liste des parasites que nous rencontrons le plus souvent. Vous ne voyez pas ce qui vous g\u00eane ? Demandez-nous. Un de nos experts peut vous aider 9 fois sur 10.<\/p>\n\n\n<div class=\"gb-container gb-container-4db1944f\">\n\n<ul class=\"wp-block-list\">\n<li>Souris<\/li>\n\n\n\n<li>Rats<\/li>\n\n\n\n<li>Cafards<\/li>\n\n\n\n<li>Fourmis<\/li>\n\n\n\n<li>Punaises de lit<\/li>\n\n\n\n<li>Mouches<\/li>\n\n\n\n<li>Mites<\/li>\n\n\n\n<li>Gu\u00eapes<\/li>\n\n\n\n<li>Taupes<\/li>\n\n\n\n<li>Araign\u00e9es<\/li>\n\n\n\n<li>Protection des pigeons<\/li>\n\n\n\n<li>Puces<\/li>\n\n\n\n<li>Acariens<\/li>\n\n\n\n<li>Poisson d&rsquo;argent<\/li>\n\n\n\n<li>Vers de bois<\/li>\n\n\n\n<li>Longicorne<\/li>\n\n\n\n<li>Col\u00e9opt\u00e8res de la farine<\/li>\n\n\n\n<li>Col\u00e9opt\u00e8res des tapis<\/li>\n<\/ul>\n\n<\/div>\n<\/div>\n\n<div class=\"gb-container gb-container-49dab9c6\">\n\n<a class=\"gb-button gb-button-2189616e smooth-scroll\" href=\"#diveincontactform\"><span class=\"gb-button-text\">Contact<\/span><span class=\"gb-icon\"><svg xmlns=\"http:\/\/www.w3.org\/2000\/svg\" aria-hidden=\"true\" role=\"img\" height=\"1em\" width=\"1em\" viewBox=\"0 0 448 512\"><path fill=\"currentColor\" d=\"M207.029 381.476L12.686 187.132c-9.373-9.373-9.373-24.569 0-33.941l22.667-22.667c9.357-9.357 24.522-9.375 33.901-.04L224 284.505l154.745-154.021c9.379-9.335 24.544-9.317 33.901.04l22.667 22.667c9.373 9.373 9.373 24.569 0 33.941L240.971 381.476c-9.373 9.372-24.569 9.372-33.942 0z\"><\/path><\/svg><\/span><\/a>\n\n<\/div>\n<\/div><\/div>\n<\/div>\n<\/div>\n<\/div>\n\n<div class=\"gb-container gb-container-25c0591e\">\n<div class=\"gb-grid-wrapper gb-grid-wrapper-8003c8e1\">\n<div class=\"gb-grid-column gb-grid-column-898930e5\"><div class=\"gb-container gb-container-898930e5\">\n<div class=\"gb-container gb-container-8ba42d8e\">\n<div class=\"gb-container gb-container-9dcdd12b\">\n\n<h2 class=\"gb-headline gb-headline-da52846f gb-headline-text\">Assurance habitation contre les parasites \u00e0 Eversor<\/h2>\n\n\n<div class=\"gb-container gb-container-cb5aecd8\">\n\n<p class=\"gb-headline gb-headline-292ac21e gb-headline-text\">Vous voulez vous d\u00e9barrasser d\u00e9finitivement des nuisibles dans votre maison ? C&rsquo;est pourquoi nous avons cr\u00e9\u00e9 l&rsquo;assurance antiparasitaire Eversor. Ensemble, nous examinons les nuisibles qui repr\u00e9sentent un risque pour votre propri\u00e9t\u00e9. Vous souffrez d\u00e9j\u00e0 de parasites ? Ensuite, nos experts commencent par lutter contre les parasites existants. Eversor met ensuite votre propri\u00e9t\u00e9 \u00e0 l&rsquo;abri des nuisibles. Nous veillons, dans la mesure du possible, \u00e0 ce que les nuisibles ne p\u00e9n\u00e8trent plus dans votre maison. Nous assurons \u00e9galement une surveillance \u00e0 l&rsquo;int\u00e9rieur et autour de votre domicile. Si une nouvelle infestation se produit, vous le saurez rapidement. Cela permet aux experts d&rsquo;Eversor d&rsquo;intervenir imm\u00e9diatement. Nous effectuons \u00e9galement des contr\u00f4les r\u00e9guliers. Ainsi, vous n&rsquo;aurez plus jamais de nuisances dues aux parasites !<\/p>\n\n\n\n<a class=\"gb-button gb-button-1103bb36\" href=\"#diveincontactform\"><span class=\"gb-button-text\">Obtenez votre devis gratuit<\/span><span class=\"gb-icon\"><svg xmlns=\"http:\/\/www.w3.org\/2000\/svg\" aria-hidden=\"true\" role=\"img\" height=\"1em\" width=\"1em\" viewBox=\"0 0 448 512\"><path fill=\"currentColor\" d=\"M207.029 381.476L12.686 187.132c-9.373-9.373-9.373-24.569 0-33.941l22.667-22.667c9.357-9.357 24.522-9.375 33.901-.04L224 284.505l154.745-154.021c9.379-9.335 24.544-9.317 33.901.04l22.667 22.667c9.373 9.373 9.373 24.569 0 33.941L240.971 381.476c-9.373 9.372-24.569 9.372-33.942 0z\"><\/path><\/svg><\/span><\/a>\n\n<\/div>\n<\/div>\n<\/div>\n\n<div class=\"gb-container gb-container-eb8765c9\">\n<div class=\"gb-container gb-container-c142ce9b\">\n\n<h2 class=\"gb-headline gb-headline-cde01082 gb-headline-text\">Eversor Business Basic Package<\/h2>\n\n\n<div class=\"gb-container gb-container-a54b3289\">\n\n<p class=\"gb-headline gb-headline-912fbd00 gb-headline-text\">Chez Eversor, nous proposons un forfait de base de lutte contre les nuisibles \u00e0 tous nos clients professionnels. Ce paquet est l\u00e0 pour vous d\u00e9charger de tout souci en tant qu&rsquo;entreprise. Nous \u00e9laborons un plan de pr\u00e9vention des nuisibles sur mesure pour votre entreprise. Prenez ensuite des mesures pr\u00e9ventives et effectuez des visites r\u00e9guli\u00e8res pour contr\u00f4ler la pr\u00e9sence de parasites. Le cas \u00e9ch\u00e9ant, nous effectuons des op\u00e9rations de contr\u00f4le et nos contr\u00f4leurs de nuisibles exterminent les nuisibles existants et \u00e9mergents. En option, vous pouvez \u00e9galement utiliser EverSmart\u00ae, dont vous trouverez plus d&rsquo;informations \u00e0 droite.<\/p>\n\n<\/div>\n<\/div>\n<\/div>\n<\/div><\/div>\n\n<div class=\"gb-grid-column gb-grid-column-ad1c0cd2\"><div class=\"gb-container gb-container-ad1c0cd2\">\n<div class=\"gb-container gb-container-dbf28a5a\">\n\n<h2 class=\"gb-headline gb-headline-353bd297 gb-headline-text\">EverSmart\u00ae &#8211; Lutte antiparasitaire num\u00e9rique<\/h2>\n\n\n<div class=\"gb-container gb-container-200bddf3\">\n\n<p class=\"gb-headline gb-headline-fda0cf30 gb-headline-text\">Il s&rsquo;agit sans aucun doute du service le plus r\u00e9volutionnaire que nous offrons \u00e0 Eversor. EverSmart\u00ae transforme la gestion des nuisibles (lutte contre les nuisibles) d&rsquo;un travail au doigt mouill\u00e9 en une science exacte.  <\/p>\n\n\n\n<p class=\"gb-headline gb-headline-b5119085 gb-headline-text\">Gr\u00e2ce \u00e0 une technologie unique, nous pouvons d\u00e9sormais d\u00e9tecter les parasites avant m\u00eame qu&rsquo;ils ne soient visibles. Pour ce faire, des pi\u00e8ges automatis\u00e9s non toxiques interagissent avec le responsable de la lutte antiparasitaire et le client 24 heures sur 24, 7 jours sur 7.  <\/p>\n\n\n\n<p class=\"gb-headline gb-headline-7bbcece6 gb-headline-text\">Outre la d\u00e9tection pr\u00e9coce, d&rsquo;autres inconv\u00e9nients disparaissent \u00e9galement. EverSmart\u00ae est totalement non toxique. Cela \u00e9limine le risque que le poison ne p\u00e9n\u00e8tre au mauvais endroit. Il en r\u00e9sulte un environnement de travail plus s\u00fbr et plus sain. Elle permet \u00e9galement d&rsquo;\u00e9viter des dommages inutiles \u00e0 l&rsquo;environnement.  <\/p>\n\n\n\n<a class=\"gb-button gb-button-cc469273\" href=\"https:\/\/eversor.be\/fr\/entreprises\/services\/eversmart-lutte-antiparasitaire-numerique\/\"><span class=\"gb-button-text\">Plus d&rsquo;informations<\/span><span class=\"gb-icon\"><svg xmlns=\"http:\/\/www.w3.org\/2000\/svg\" aria-hidden=\"true\" height=\"1em\" width=\"1em\" viewBox=\"0 0 256 512\"><path fill=\"currentColor\" d=\"M224.3 273l-136 136c-9.4 9.4-24.6 9.4-33.9 0l-22.6-22.6c-9.4-9.4-9.4-24.6 0-33.9l96.4-96.4-96.4-96.4c-9.4-9.4-9.4-24.6 0-33.9L54.3 103c9.4-9.4 24.6-9.4 33.9 0l136 136c9.5 9.4 9.5 24.6.1 34z\"><\/path><\/svg><\/span><\/a>\n\n<\/div>\n<\/div>\n<\/div><\/div>\n<\/div>\n<\/div>\n\n<div class=\"gb-container gb-container-f507585b alignfull\" id=\"diveincontactform\">\n<div class=\"gb-container gb-container-a93709c0 alignfull\">\n<div class=\"gb-container gb-container-bdbf0a1a\">\n\n<h2 class=\"gb-headline gb-headline-468c01b1 gb-headline-text\">Obtenez un devis gratuit.<\/h2>\n\n\n<div class=\"gb-container gb-container-bffe6290\">\n<div class=\"gb-container gb-container-9b83cead\">\n<div class=\"gb-container gb-container-f78f762a alignwide gb-tabs\" data-opened-tab=\"1\">\n<div class=\"gb-container gb-container-f8b592a3 gb-tabs__buttons\">\n\n<button class=\"gb-button gb-button-c33c1526 gb-button-text gb-tabs__button gb-block-is-current\">Professionnel<\/button>\n\n\n\n<button class=\"gb-button gb-button-50bf1f60 gb-button-text gb-tabs__button\">Priv\u00e9<\/button>\n\n<\/div>\n\n<div class=\"gb-container gb-container-532ac4b8 gb-tabs__items\">\n<div class=\"gb-container gb-container-c474e4b9 gb-tabs__item gb-tabs__item-open\">\n\n<div class=\"wp-block-leadin-hubspot-form-block\">\n\t\t\t\t\t\t<script>\n\t\t\t\t\t\t\twindow.hsFormsOnReady = window.hsFormsOnReady || [];\n\t\t\t\t\t\t\twindow.hsFormsOnReady.push(()=>{\n\t\t\t\t\t\t\t\thbspt.forms.create({\n\t\t\t\t\t\t\t\t\tportalId: 144233162,\n\t\t\t\t\t\t\t\t\tformId: \"247df1f1-3ada-46aa-b8a6-a8499e40daa2\",\n\t\t\t\t\t\t\t\t\ttarget: \"#hbspt-form-1777456875000-6604754891\",\n\t\t\t\t\t\t\t\t\tregion: \"eu1\",\n\t\t\t\t\t\t\t\t\t\n\t\t\t\t\t\t\t})});\n\t\t\t\t\t\t<\/script>\n\t\t\t\t\t\t<div class=\"hbspt-form\" id=\"hbspt-form-1777456875000-6604754891\"><\/div><\/div>\n\n<\/div>\n\n<div class=\"gb-container gb-container-2ce40eb8 gb-tabs__item\">\n\n<div class=\"wp-block-leadin-hubspot-form-block\">\n\t\t\t\t\t\t<script>\n\t\t\t\t\t\t\twindow.hsFormsOnReady = window.hsFormsOnReady || [];\n\t\t\t\t\t\t\twindow.hsFormsOnReady.push(()=>{\n\t\t\t\t\t\t\t\thbspt.forms.create({\n\t\t\t\t\t\t\t\t\tportalId: 144233162,\n\t\t\t\t\t\t\t\t\tformId: \"57e26734-0e32-473c-80f0-106b89a87457\",\n\t\t\t\t\t\t\t\t\ttarget: \"#hbspt-form-1777456875000-4419145096\",\n\t\t\t\t\t\t\t\t\tregion: \"eu1\",\n\t\t\t\t\t\t\t\t\t\n\t\t\t\t\t\t\t})});\n\t\t\t\t\t\t<\/script>\n\t\t\t\t\t\t<div class=\"hbspt-form\" id=\"hbspt-form-1777456875000-4419145096\"><\/div><\/div>\n\n<\/div>\n<\/div>\n<\/div>\n<\/div>\n<\/div>\n<\/div>\n<\/div>\n<\/div>\n<\/div>","protected":false},"excerpt":{"rendered":"<p>Obtenez un devis gratuit.<\/p>\n","protected":false},"author":1,"featured_media":0,"parent":0,"menu_order":0,"comment_status":"closed","ping_status":"closed","template":"","meta":{"content-type":"","footnotes":""},"class_list":["post-11557","page","type-page","status-publish"],"jetpack_sharing_enabled":true,"_links":{"self":[{"href":"https:\/\/eversor.be\/fr\/wp-json\/wp\/v2\/pages\/11557","targetHints":{"allow":["GET"]}}],"collection":[{"href":"https:\/\/eversor.be\/fr\/wp-json\/wp\/v2\/pages"}],"about":[{"href":"https:\/\/eversor.be\/fr\/wp-json\/wp\/v2\/types\/page"}],"author":[{"embeddable":true,"href":"https:\/\/eversor.be\/fr\/wp-json\/wp\/v2\/users\/1"}],"replies":[{"embeddable":true,"href":"https:\/\/eversor.be\/fr\/wp-json\/wp\/v2\/comments?post=11557"}],"version-history":[{"count":2,"href":"https:\/\/eversor.be\/fr\/wp-json\/wp\/v2\/pages\/11557\/revisions"}],"predecessor-version":[{"id":11576,"href":"https:\/\/eversor.be\/fr\/wp-json\/wp\/v2\/pages\/11557\/revisions\/11576"}],"wp:attachment":[{"href":"https:\/\/eversor.be\/fr\/wp-json\/wp\/v2\/media?parent=11557"}],"curies":[{"name":"wp","href":"https:\/\/api.w.org\/{rel}","templated":true}]}}