{"id":11252,"date":"2024-05-30T02:06:20","date_gmt":"2024-05-30T01:06:20","guid":{"rendered":"https:\/\/eversor.be\/product\/cimex-eradicator\/"},"modified":"2024-10-31T18:40:49","modified_gmt":"2024-10-31T17:40:49","slug":"cimex-eradicator","status":"publish","type":"product","link":"https:\/\/eversor.be\/fr\/produit\/cimex-eradicator\/","title":{"rendered":"Cimex Eradicator"},"content":{"rendered":"<p><span style=\"font-size: 14px\">Le Cimex Eradicator est une m\u00e9thode innovante pour r\u00e9soudre de mani\u00e8re efficace, permanente et naturelle un probl\u00e8me de punaises de lit. La vapeur s\u00e8che, traditionnellement g\u00e9n\u00e9r\u00e9e dans la chaudi\u00e8re et chauff\u00e9e \u00e0 180 degr\u00e9s dans la poign\u00e9e, peut \u00e9liminer les \u0153ufs et les larves en une seule fois, ainsi qu&rsquo;un pourcentage \u00e9lev\u00e9 d&rsquo;adultes. En outre, le produit HP Med peut \u00eatre utilis\u00e9 pour la d\u00e9sinfection et l&rsquo;am\u00e9lioration des odeurs. La petite fiole se monte facilement sur la poign\u00e9e. HP Med n&rsquo;am\u00e9liore pas l&rsquo;effet du traitement.<\/span><\/p>\n","protected":false},"excerpt":{"rendered":"<p><span style=\"font-size: 14px\">Le Cimex Eradicator est une m\u00e9thode innovante pour r\u00e9soudre de mani\u00e8re efficace, permanente et naturelle un probl\u00e8me de punaises de lit.<\/span><\/p>\n","protected":false},"featured_media":0,"comment_status":"open","ping_status":"closed","template":"","meta":{"content-type":""},"product_brand":[],"product_cat":[185,66],"product_tag":[],"class_list":{"0":"post-11252","1":"product","2":"type-product","3":"status-publish","5":"product_cat-materiel-et-accessoires","6":"product_cat-punaises","7":"sales-flash-overlay","8":"woocommerce-text-align-center","9":"woocommerce-image-align-center","10":"do-quantity-buttons","12":"first","13":"instock","14":"taxable","15":"shipping-taxable","16":"purchasable","17":"product-type-simple"},"jetpack_sharing_enabled":true,"_links":{"self":[{"href":"https:\/\/eversor.be\/fr\/wp-json\/wp\/v2\/product\/11252","targetHints":{"allow":["GET"]}}],"collection":[{"href":"https:\/\/eversor.be\/fr\/wp-json\/wp\/v2\/product"}],"about":[{"href":"https:\/\/eversor.be\/fr\/wp-json\/wp\/v2\/types\/product"}],"replies":[{"embeddable":true,"href":"https:\/\/eversor.be\/fr\/wp-json\/wp\/v2\/comments?post=11252"}],"wp:attachment":[{"href":"https:\/\/eversor.be\/fr\/wp-json\/wp\/v2\/media?parent=11252"}],"wp:term":[{"taxonomy":"product_brand","embeddable":true,"href":"https:\/\/eversor.be\/fr\/wp-json\/wp\/v2\/product_brand?post=11252"},{"taxonomy":"product_cat","embeddable":true,"href":"https:\/\/eversor.be\/fr\/wp-json\/wp\/v2\/product_cat?post=11252"},{"taxonomy":"product_tag","embeddable":true,"href":"https:\/\/eversor.be\/fr\/wp-json\/wp\/v2\/product_tag?post=11252"}],"curies":[{"name":"wp","href":"https:\/\/api.w.org\/{rel}","templated":true}]}}