{"id":11669,"date":"2024-06-04T00:51:32","date_gmt":"2024-06-03T23:51:32","guid":{"rendered":"https:\/\/eversor.be\/product\/piege-a-poissons-dargent-set-2\/"},"modified":"2024-11-19T17:40:44","modified_gmt":"2024-11-19T16:40:44","slug":"piege-a-poissons-dargent-set-2","status":"publish","type":"product","link":"https:\/\/eversor.be\/fr\/produit\/piege-a-poissons-dargent-set-2\/","title":{"rendered":"Pi\u00e8ge \u00e0 Poissons d&rsquo;Argent (set 2)"},"content":{"rendered":"<p>Le pi\u00e8ge \u00e0 l\u00e9pismes Roxasect est con\u00e7u pour imiter la cachette naturelle des l\u00e9pismes. Une fois que les l\u00e9pismes p\u00e9n\u00e8trent dans le pi\u00e8ge, ils se collent \u00e0 la couche adh\u00e9sive, ce qui les emprisonne efficacement. Le pi\u00e8ge peut \u00eatre utilis\u00e9 sur une surface plane et reste actif jusqu&rsquo;\u00e0 6 mois.<\/p>\n<p>Ce pi\u00e8ge \u00e0 l\u00e9pismes est totalement inoffensif pour les humains et les animaux car il ne contient aucune toxine. Chaque paquet contient deux pi\u00e8ges, ce qui vous permet de s\u00e9curiser plusieurs pi\u00e8ces \u00e0 la fois. Le pi\u00e8ge \u00e0 l\u00e9pismes Roxasect est un moyen pratique et s\u00fbr de garder votre maison exempte de l\u00e9pismes.<\/p>\n","protected":false},"excerpt":{"rendered":"<p>Le pi\u00e8ge \u00e0 l\u00e9pismes Roxasect offre une solution s\u00fbre et sans toxines pour attraper efficacement les l\u00e9pismes. Il fonctionne jusqu&rsquo;\u00e0 6 mois.<\/p>\n","protected":false},"featured_media":0,"comment_status":"open","ping_status":"closed","template":"","meta":{"content-type":""},"product_brand":[],"product_cat":[211],"product_tag":[],"class_list":{"0":"post-11669","1":"product","2":"type-product","3":"status-publish","5":"product_cat-poisson-dargent","6":"sales-flash-overlay","7":"woocommerce-text-align-center","8":"woocommerce-image-align-center","9":"do-quantity-buttons","11":"first","12":"instock","13":"taxable","14":"shipping-taxable","15":"purchasable","16":"product-type-simple"},"jetpack_sharing_enabled":true,"_links":{"self":[{"href":"https:\/\/eversor.be\/fr\/wp-json\/wp\/v2\/product\/11669","targetHints":{"allow":["GET"]}}],"collection":[{"href":"https:\/\/eversor.be\/fr\/wp-json\/wp\/v2\/product"}],"about":[{"href":"https:\/\/eversor.be\/fr\/wp-json\/wp\/v2\/types\/product"}],"replies":[{"embeddable":true,"href":"https:\/\/eversor.be\/fr\/wp-json\/wp\/v2\/comments?post=11669"}],"wp:attachment":[{"href":"https:\/\/eversor.be\/fr\/wp-json\/wp\/v2\/media?parent=11669"}],"wp:term":[{"taxonomy":"product_brand","embeddable":true,"href":"https:\/\/eversor.be\/fr\/wp-json\/wp\/v2\/product_brand?post=11669"},{"taxonomy":"product_cat","embeddable":true,"href":"https:\/\/eversor.be\/fr\/wp-json\/wp\/v2\/product_cat?post=11669"},{"taxonomy":"product_tag","embeddable":true,"href":"https:\/\/eversor.be\/fr\/wp-json\/wp\/v2\/product_tag?post=11669"}],"curies":[{"name":"wp","href":"https:\/\/api.w.org\/{rel}","templated":true}]}}