{"id":11673,"date":"2024-06-03T23:03:28","date_gmt":"2024-06-03T22:03:28","guid":{"rendered":"https:\/\/eversor.be\/product\/bouclier-anti-rongeurs-af-jeu-de-10\/"},"modified":"2024-10-31T18:31:37","modified_gmt":"2024-10-31T17:31:37","slug":"bouclier-anti-rongeurs-af-jeu-de-10","status":"publish","type":"product","link":"https:\/\/eversor.be\/fr\/produit\/bouclier-anti-rongeurs-af-jeu-de-10\/","title":{"rendered":"Bouclier Anti-Rongeurs AF\u00ae (jeu de 10)"},"content":{"rendered":"<p><strong>Description du produit :<\/strong><br \/>Le bouclier antirongeurs AF\u00ae est un moyen rapide et facile d&#8217;emp\u00eacher les rongeurs d&rsquo;acc\u00e9der \u00e0 votre b\u00e2timent. Con\u00e7u pour s&rsquo;adapter aux tuyaux ronds et carr\u00e9s et aux drains de diff\u00e9rentes tailles (de 50 \u00e0 110 mm), ce bouclier offre une protection polyvalente. L&rsquo;installation est simple et ne n\u00e9cessite que des colliers de serrage pour fixer fermement l&rsquo;\u00e9cran au tuyau ou \u00e0 la conduite d&rsquo;\u00e9vacuation. Le kit comprend 10 boucliers, des attaches et des instructions de montage claires, afin que vous puissiez commencer rapidement.<\/p>\n<p><strong>Instructions d&rsquo;installation :<\/strong><\/p>\n<p>1. Placez le disque derri\u00e8re le tuyau ou la conduite d&rsquo;\u00e9vacuation, de pr\u00e9f\u00e9rence \u00e0 proximit\u00e9 d&rsquo;un support de fixation. Veillez \u00e0 ce que la longue fente pr\u00e9d\u00e9coup\u00e9e soit orient\u00e9e vers le haut.<\/p>\n<p>2. Tirez le bouclier vers vous de mani\u00e8re \u00e0 ce que les coins ou les points au centre du disque soient orient\u00e9s vers le haut.<\/p>\n<p>3. Pour les tuyaux ou les drains \u00e9troits, l&rsquo;\u00e9cran peut \u00eatre d\u00e9coup\u00e9 \u00e0 l&rsquo;aide d&rsquo;un couteau tranchant ou de ciseaux afin de cr\u00e9er une version semi-circulaire.<\/p>\n<p>4. Ajustez la taille de l&rsquo;\u00e9cran et fixez-le au tuyau ou \u00e0 la conduite d&rsquo;\u00e9vacuation \u00e0 l&rsquo;aide des colliers de serrage fournis, en passant par les trous pr\u00e9perfor\u00e9s.<\/p>\n<p>5. Fixez l&rsquo;\u00e9cran au tuyau ou au support de fixation du tuyau d&rsquo;\u00e9vacuation \u00e0 l&rsquo;aide des colliers de serrage fournis et des trous pr\u00e9perfor\u00e9s.<\/p>\n<p>6. L&rsquo;installation est maintenant termin\u00e9e.<\/p>\n<p>Avec le bouclier antirongeurs AF\u00ae, vous \u00eates assur\u00e9 de disposer d&rsquo;une barri\u00e8re fiable contre les rongeurs, facile \u00e0 installer et durable \u00e0 l&rsquo;usage.<\/p>\n","protected":false},"excerpt":{"rendered":"<p>Le bouclier anti-rongeurs AF\u00ae Anti-P est une solution simple et efficace pour emp\u00eacher les rongeurs d&rsquo;entrer dans les b\u00e2timents. Il convient \u00e0 diff\u00e9rentes tailles de tuyaux et s&rsquo;installe facilement \u00e0 l&rsquo;aide d&rsquo;un collier de serrage.<\/p>\n","protected":false},"featured_media":0,"comment_status":"open","ping_status":"closed","template":"","meta":{"content-type":""},"product_brand":[],"product_cat":[207,185,209,210],"product_tag":[],"class_list":{"0":"post-11673","1":"product","2":"type-product","3":"status-publish","5":"product_cat-autre","6":"product_cat-materiel-et-accessoires","7":"product_cat-rats-fr","8":"product_cat-souris","9":"sales-flash-overlay","10":"woocommerce-text-align-center","11":"woocommerce-image-align-center","12":"do-quantity-buttons","14":"first","15":"instock","16":"taxable","17":"shipping-taxable","18":"purchasable","19":"product-type-simple"},"jetpack_sharing_enabled":true,"_links":{"self":[{"href":"https:\/\/eversor.be\/fr\/wp-json\/wp\/v2\/product\/11673","targetHints":{"allow":["GET"]}}],"collection":[{"href":"https:\/\/eversor.be\/fr\/wp-json\/wp\/v2\/product"}],"about":[{"href":"https:\/\/eversor.be\/fr\/wp-json\/wp\/v2\/types\/product"}],"replies":[{"embeddable":true,"href":"https:\/\/eversor.be\/fr\/wp-json\/wp\/v2\/comments?post=11673"}],"wp:attachment":[{"href":"https:\/\/eversor.be\/fr\/wp-json\/wp\/v2\/media?parent=11673"}],"wp:term":[{"taxonomy":"product_brand","embeddable":true,"href":"https:\/\/eversor.be\/fr\/wp-json\/wp\/v2\/product_brand?post=11673"},{"taxonomy":"product_cat","embeddable":true,"href":"https:\/\/eversor.be\/fr\/wp-json\/wp\/v2\/product_cat?post=11673"},{"taxonomy":"product_tag","embeddable":true,"href":"https:\/\/eversor.be\/fr\/wp-json\/wp\/v2\/product_tag?post=11673"}],"curies":[{"name":"wp","href":"https:\/\/api.w.org\/{rel}","templated":true}]}}