{"id":11693,"date":"2024-06-03T15:21:24","date_gmt":"2024-06-03T14:21:24","guid":{"rendered":"https:\/\/eversor.be\/product\/piege-a-colle-pour-cafards-hoy-hoy-jeu-de-5\/"},"modified":"2024-11-19T17:38:15","modified_gmt":"2024-11-19T16:38:15","slug":"piege-a-colle-pour-cafards-hoy-hoy-jeu-de-5","status":"publish","type":"product","link":"https:\/\/eversor.be\/fr\/produit\/piege-a-colle-pour-cafards-hoy-hoy-jeu-de-5\/","title":{"rendered":"Pi\u00e8ge \u00e0 colle pour cafards Hoy Hoy (jeu de 5)"},"content":{"rendered":"<p>Ces pi\u00e8ges \u00e0 blattes pratiques offrent un rendement optimal depuis des ann\u00e9es. Ces pi\u00e8ges sont \u00e9quip\u00e9s d&rsquo;un leurre puissant (farine de poisson) et d&rsquo;une plaque de glu parfaitement con\u00e7ue. Gr\u00e2ce \u00e0 la base de colle sp\u00e9ciale avec de la colle en vagues, les blattes, cloportes et l\u00e9pismes sont attrap\u00e9s rapidement et efficacement. Les pi\u00e8ges sont dot\u00e9s d&rsquo;un clip hygi\u00e9nique en haut pour faciliter le ramassage et de tapis de marche suppl\u00e9mentaires pour attirer les insectes \u00e0 l&rsquo;int\u00e9rieur encore plus facilement. En outre, les pi\u00e8ges \u00e0 glu comprennent un sac \u00e0 app\u00e2ts pour des r\u00e9sultats encore meilleurs. Gardez votre maison \u00e0 l&rsquo;abri des insectes gr\u00e2ce \u00e0 cette solution fiable et efficace.<\/p>\n","protected":false},"excerpt":{"rendered":"<p>Pi\u00e8ges \u00e0 blattes efficaces contenant une ph\u00e9romone puissante et de la farine de poisson pour une capture optimale des blattes et autres insectes rampants.<\/p>\n","protected":false},"featured_media":0,"comment_status":"open","ping_status":"closed","template":"","meta":{"content-type":""},"product_brand":[],"product_cat":[224,211,66],"product_tag":[],"class_list":{"0":"post-11693","1":"product","2":"type-product","3":"status-publish","5":"product_cat-cafards","6":"product_cat-poisson-dargent","7":"product_cat-punaises","8":"sales-flash-overlay","9":"woocommerce-text-align-center","10":"woocommerce-image-align-center","11":"do-quantity-buttons","13":"first","14":"instock","15":"taxable","16":"shipping-taxable","17":"purchasable","18":"product-type-simple"},"jetpack_sharing_enabled":true,"_links":{"self":[{"href":"https:\/\/eversor.be\/fr\/wp-json\/wp\/v2\/product\/11693","targetHints":{"allow":["GET"]}}],"collection":[{"href":"https:\/\/eversor.be\/fr\/wp-json\/wp\/v2\/product"}],"about":[{"href":"https:\/\/eversor.be\/fr\/wp-json\/wp\/v2\/types\/product"}],"replies":[{"embeddable":true,"href":"https:\/\/eversor.be\/fr\/wp-json\/wp\/v2\/comments?post=11693"}],"wp:attachment":[{"href":"https:\/\/eversor.be\/fr\/wp-json\/wp\/v2\/media?parent=11693"}],"wp:term":[{"taxonomy":"product_brand","embeddable":true,"href":"https:\/\/eversor.be\/fr\/wp-json\/wp\/v2\/product_brand?post=11693"},{"taxonomy":"product_cat","embeddable":true,"href":"https:\/\/eversor.be\/fr\/wp-json\/wp\/v2\/product_cat?post=11693"},{"taxonomy":"product_tag","embeddable":true,"href":"https:\/\/eversor.be\/fr\/wp-json\/wp\/v2\/product_tag?post=11693"}],"curies":[{"name":"wp","href":"https:\/\/api.w.org\/{rel}","templated":true}]}}