{"id":11694,"date":"2024-06-03T18:41:52","date_gmt":"2024-06-03T17:41:52","guid":{"rendered":"https:\/\/eversor.be\/product\/gant-chimique-uvex-rubiflex-27-cm\/"},"modified":"2024-10-31T18:32:27","modified_gmt":"2024-10-31T17:32:27","slug":"gant-chimique-uvex-rubiflex-27-cm","status":"publish","type":"product","link":"https:\/\/eversor.be\/fr\/produit\/gant-chimique-uvex-rubiflex-27-cm\/","title":{"rendered":"Gant chimique UVEX Rubiflex &#8211; (27 cm)"},"content":{"rendered":"<p>Gants flexibles en nitrile avec une excellente dext\u00e9rit\u00e9, enduits sans couture, doublure en coton interlock, haute r\u00e9sistance \u00e0 l&rsquo;abrasion et \u00e0 toutes sortes de produits chimiques.<\/p>\n","protected":false},"excerpt":{"rendered":"<p>Gants flexibles en nitrile avec une excellente dext\u00e9rit\u00e9, enduits sans couture, doublure en coton interlock, haute r\u00e9sistance \u00e0 l&rsquo;abrasion et \u00e0 toutes sortes de produits chimiques.<\/p>\n","protected":false},"featured_media":11917,"comment_status":"open","ping_status":"closed","template":"","meta":{"content-type":""},"product_brand":[],"product_cat":[223],"product_tag":[],"class_list":{"0":"post-11694","1":"product","2":"type-product","3":"status-publish","4":"has-post-thumbnail","6":"product_cat-protection-et-vetements","7":"resize-featured-image","8":"sales-flash-overlay","9":"woocommerce-text-align-center","10":"woocommerce-image-align-center","11":"do-quantity-buttons","13":"first","14":"instock","15":"taxable","16":"shipping-taxable","17":"purchasable","18":"product-type-variable","19":"has-default-attributes"},"jetpack_sharing_enabled":true,"_links":{"self":[{"href":"https:\/\/eversor.be\/fr\/wp-json\/wp\/v2\/product\/11694","targetHints":{"allow":["GET"]}}],"collection":[{"href":"https:\/\/eversor.be\/fr\/wp-json\/wp\/v2\/product"}],"about":[{"href":"https:\/\/eversor.be\/fr\/wp-json\/wp\/v2\/types\/product"}],"replies":[{"embeddable":true,"href":"https:\/\/eversor.be\/fr\/wp-json\/wp\/v2\/comments?post=11694"}],"wp:featuredmedia":[{"embeddable":true,"href":"https:\/\/eversor.be\/fr\/wp-json\/wp\/v2\/media\/11917"}],"wp:attachment":[{"href":"https:\/\/eversor.be\/fr\/wp-json\/wp\/v2\/media?parent=11694"}],"wp:term":[{"taxonomy":"product_brand","embeddable":true,"href":"https:\/\/eversor.be\/fr\/wp-json\/wp\/v2\/product_brand?post=11694"},{"taxonomy":"product_cat","embeddable":true,"href":"https:\/\/eversor.be\/fr\/wp-json\/wp\/v2\/product_cat?post=11694"},{"taxonomy":"product_tag","embeddable":true,"href":"https:\/\/eversor.be\/fr\/wp-json\/wp\/v2\/product_tag?post=11694"}],"curies":[{"name":"wp","href":"https:\/\/api.w.org\/{rel}","templated":true}]}}