{"id":11700,"date":"2024-06-03T02:15:27","date_gmt":"2024-06-03T01:15:27","guid":{"rendered":"https:\/\/eversor.be\/product\/msa-perspecta-1070-lunettes-de-securite\/"},"modified":"2024-10-31T18:33:37","modified_gmt":"2024-10-31T17:33:37","slug":"msa-perspecta-1070-lunettes-de-securite","status":"publish","type":"product","link":"https:\/\/eversor.be\/fr\/produit\/msa-perspecta-1070-lunettes-de-securite\/","title":{"rendered":"MSA Perspecta 1070 &#8211; Lunettes de s\u00e9curit\u00e9"},"content":{"rendered":"<p>Les lunettes de s\u00e9curit\u00e9 classiques parmi les lunettes de s\u00e9curit\u00e9 monolentilles panoramiques de MSA. Monture rouge et lentilles en polycarbonate transparent. Equip\u00e9 d&rsquo;un rev\u00eatement anti-rayures \u00ab\u00a0MSA TuffStuff-coating\u00a0\u00bb qui garantit une plus longue dur\u00e9e de vie conform\u00e9ment \u00e0 la norme EN 166 \u00ab\u00a0K\u00a0\u00bb. Protection lat\u00e9rale int\u00e9gr\u00e9e. Les branches des lunettes peuvent \u00eatre r\u00e9gl\u00e9es en 5 \u00e9tapes et peuvent \u00e9galement \u00eatre r\u00e9gl\u00e9es pour le sommeil.<\/p>\n<p><strong>Poids<\/strong>: 38 grammes<br \/><strong>Marquage des lentilles<\/strong>: 2C-1.2 MSA 1 FT K CE<\/p>\n","protected":false},"excerpt":{"rendered":"<p>Les lunettes de s\u00e9curit\u00e9 panoramiques classiques de MSA avec monture rouge ont un verre en polycarbonate transparent avec rev\u00eatement anti-rayures \u00ab\u00a0MSA TuffStuff\u00a0\u00bb et une protection lat\u00e9rale int\u00e9gr\u00e9e. Les branches r\u00e9glables des lunettes garantissent un ajustement et un confort optimaux.<\/p>\n","protected":false},"featured_media":0,"comment_status":"open","ping_status":"closed","template":"","meta":{"content-type":""},"product_brand":[],"product_cat":[223],"product_tag":[],"class_list":{"0":"post-11700","1":"product","2":"type-product","3":"status-publish","5":"product_cat-protection-et-vetements","6":"sales-flash-overlay","7":"woocommerce-text-align-center","8":"woocommerce-image-align-center","9":"do-quantity-buttons","11":"first","12":"instock","13":"taxable","14":"shipping-taxable","15":"purchasable","16":"product-type-simple"},"jetpack_sharing_enabled":true,"_links":{"self":[{"href":"https:\/\/eversor.be\/fr\/wp-json\/wp\/v2\/product\/11700","targetHints":{"allow":["GET"]}}],"collection":[{"href":"https:\/\/eversor.be\/fr\/wp-json\/wp\/v2\/product"}],"about":[{"href":"https:\/\/eversor.be\/fr\/wp-json\/wp\/v2\/types\/product"}],"replies":[{"embeddable":true,"href":"https:\/\/eversor.be\/fr\/wp-json\/wp\/v2\/comments?post=11700"}],"wp:attachment":[{"href":"https:\/\/eversor.be\/fr\/wp-json\/wp\/v2\/media?parent=11700"}],"wp:term":[{"taxonomy":"product_brand","embeddable":true,"href":"https:\/\/eversor.be\/fr\/wp-json\/wp\/v2\/product_brand?post=11700"},{"taxonomy":"product_cat","embeddable":true,"href":"https:\/\/eversor.be\/fr\/wp-json\/wp\/v2\/product_cat?post=11700"},{"taxonomy":"product_tag","embeddable":true,"href":"https:\/\/eversor.be\/fr\/wp-json\/wp\/v2\/product_tag?post=11700"}],"curies":[{"name":"wp","href":"https:\/\/api.w.org\/{rel}","templated":true}]}}