{"id":11701,"date":"2024-06-03T02:09:32","date_gmt":"2024-06-03T01:09:32","guid":{"rendered":"https:\/\/eversor.be\/product\/msa-affinity-2120-ffp2-masque-a-usage-unique-set-15\/"},"modified":"2024-11-19T17:28:13","modified_gmt":"2024-11-19T16:28:13","slug":"msa-affinity-2120-ffp2-masque-a-usage-unique-set-15","status":"publish","type":"product","link":"https:\/\/eversor.be\/fr\/produit\/msa-affinity-2120-ffp2-masque-a-usage-unique-set-15\/","title":{"rendered":"MSA Affinity 2120 FFP2 &#8211; Masque \u00e0 usage unique (set 15)"},"content":{"rendered":"<p><strong>Masques anti-poussi\u00e8re MSA Affinity 2120 \u2013 Protection FFP2 pour des environnements de travail s\u00e9curis\u00e9s<\/strong><br \/>Les masques anti-poussi\u00e8re MSA Affinity 2120 sont pliables, ce qui permet un rangement facile et une grande portabilit\u00e9. Les masques sont pr\u00e9sent\u00e9s dans un emballage hygi\u00e9nique qui tient dans votre poche. Ils offrent une excellente protection contre les particules solides et liquides dans divers environnements de travail et respectent le niveau de protection FFP2, adapt\u00e9 pour les particules de poussi\u00e8re jusqu&rsquo;\u00e0 10 fois la limite d&rsquo;exposition professionnelle. <br \/>Fabriqu\u00e9s \u00e0 partir de mat\u00e9riaux fins et l\u00e9gers, ces masques pr\u00e9sentent un design \u00e0 profil vertical anthropom\u00e9trique pour un ajustement confortable. Le bandeau \u00e9lastique, le pince-nez moul\u00e9 et le joint facial \u00e0 l&rsquo;int\u00e9rieur garantissent un ajustement et un confort optimaux. Id\u00e9al pour une utilisation lors de l&rsquo;assainissement de l&rsquo;amiante, la s\u00e9curisation des b\u00e2timents, les travaux de pulv\u00e9risation et de peinture, ainsi que le pon\u00e7age et le meulage. <br \/>Sp\u00e9cifications du produit MSA Affinity 2120 Masque de protection contre la poussi\u00e8re :<\/p>\n<p><strong>Caract\u00e9ristiques<\/strong>: Joint facial, protection respiratoire, masque anti-poussi\u00e8re, pince nasale confortable, ajustement universel, mod\u00e8le pliable<br \/><strong>Mod\u00e8le de masque<\/strong>: mod\u00e8le pliant, demi-masque<br \/><strong>Couleur<\/strong>: blanc-jaune<br \/><strong>R\u00e9utilisable<\/strong>: Non<br \/><strong>Type de filtre<\/strong>: FFP2 NR D<br \/><strong>Normalisation<\/strong>: EN 149<\/p>\n<p>Choisissez les masques anti-poussi\u00e8re MSA Affinity 2120 pour une protection fiable et un confort optimal dans tous les environnements de travail. Commandez d\u00e8s maintenant dans la boutique en ligne d&rsquo;Eversor !<\/p>\n","protected":false},"excerpt":{"rendered":"<p>MSA Affinity 2120 FFP2 &#8211; Masque \u00e0 usage unique (set 15)<\/p>\n","protected":false},"featured_media":0,"comment_status":"open","ping_status":"closed","template":"","meta":{"content-type":""},"product_brand":[],"product_cat":[223],"product_tag":[],"class_list":{"0":"post-11701","1":"product","2":"type-product","3":"status-publish","5":"product_cat-protection-et-vetements","6":"sales-flash-overlay","7":"woocommerce-text-align-center","8":"woocommerce-image-align-center","9":"do-quantity-buttons","11":"first","12":"instock","13":"taxable","14":"shipping-taxable","15":"purchasable","16":"product-type-simple"},"jetpack_sharing_enabled":true,"_links":{"self":[{"href":"https:\/\/eversor.be\/fr\/wp-json\/wp\/v2\/product\/11701","targetHints":{"allow":["GET"]}}],"collection":[{"href":"https:\/\/eversor.be\/fr\/wp-json\/wp\/v2\/product"}],"about":[{"href":"https:\/\/eversor.be\/fr\/wp-json\/wp\/v2\/types\/product"}],"replies":[{"embeddable":true,"href":"https:\/\/eversor.be\/fr\/wp-json\/wp\/v2\/comments?post=11701"}],"wp:attachment":[{"href":"https:\/\/eversor.be\/fr\/wp-json\/wp\/v2\/media?parent=11701"}],"wp:term":[{"taxonomy":"product_brand","embeddable":true,"href":"https:\/\/eversor.be\/fr\/wp-json\/wp\/v2\/product_brand?post=11701"},{"taxonomy":"product_cat","embeddable":true,"href":"https:\/\/eversor.be\/fr\/wp-json\/wp\/v2\/product_cat?post=11701"},{"taxonomy":"product_tag","embeddable":true,"href":"https:\/\/eversor.be\/fr\/wp-json\/wp\/v2\/product_tag?post=11701"}],"curies":[{"name":"wp","href":"https:\/\/api.w.org\/{rel}","templated":true}]}}