{"id":11703,"date":"2024-06-03T01:44:27","date_gmt":"2024-06-03T00:44:27","guid":{"rendered":"https:\/\/eversor.be\/product\/msa-advantage-200-ls-demi-masque-respiratoire\/"},"modified":"2024-11-19T17:23:46","modified_gmt":"2024-11-19T16:23:46","slug":"msa-advantage-200-ls-demi-masque-respiratoire","status":"publish","type":"product","link":"https:\/\/eversor.be\/fr\/produit\/msa-advantage-200-ls-demi-masque-respiratoire\/","title":{"rendered":"MSA Advantage 200 LS &#8211; Demi-masque respiratoire"},"content":{"rendered":"<p>D\u00e9couvrez le demi-masque confortable, efficace et \u00e9conomique avec double raccord \u00e0 ba\u00efonnette : l&rsquo;Advantage 200 LS. Ce masque, fabriqu\u00e9 \u00e0 partir de caoutchouc thermoplastique de haute qualit\u00e9, offre une protection maximale et un confort optimal gr\u00e2ce \u00e0 son syst\u00e8me MultiFlex brevet\u00e9. Le mat\u00e9riau doux et moulable s&rsquo;adapte facilement aux contours uniques du visage du porteur, garantissant un ajustement personnalis\u00e9 et sans pression. Avec son embout nasal pr\u00e9form\u00e9 Anthrocurve et ses sangles r\u00e9glables, l&rsquo;Advantage 200 LS offre un ajustement et un confort optimaux, m\u00eame lors d&rsquo;une utilisation prolong\u00e9e. <br \/>Ce masque est facile \u00e0 nettoyer et peut \u00eatre utilis\u00e9 en combinaison avec les filtres des masques MSA Advantage 3000 \u00e0 visi\u00e8re compl\u00e8te. Avec une combinaison de couleurs bleu et gris, l&rsquo;Advantage 200 LS allie fonctionnalit\u00e9 et style. <br \/>Assurez-vous d&rsquo;une protection et d&rsquo;un confort maximaux pendant votre travail avec l&rsquo;Advantage 200 LS.   Commandez d\u00e8s aujourd&rsquo;hui et constatez par vous-m\u00eame la diff\u00e9rence !<\/p>\n<p>Note &#8211; Les filtres doivent \u00eatre command\u00e9s s\u00e9par\u00e9ment<\/p>\n","protected":false},"excerpt":{"rendered":"<p>D\u00e9couvrez le confortable demi-masque Advantage 200 LS avec double raccord \u00e0 ba\u00efonnette. Gr\u00e2ce \u00e0 son syst\u00e8me MultiFlex brevet\u00e9, il offre une protection maximale et un confort de port pour une utilisation \u00e0 long terme.<br \/>(Note &#8211; Sans filtre)<\/p>\n","protected":false},"featured_media":0,"comment_status":"open","ping_status":"closed","template":"","meta":{"content-type":""},"product_brand":[],"product_cat":[223],"product_tag":[],"class_list":{"0":"post-11703","1":"product","2":"type-product","3":"status-publish","5":"product_cat-protection-et-vetements","6":"sales-flash-overlay","7":"woocommerce-text-align-center","8":"woocommerce-image-align-center","9":"do-quantity-buttons","11":"first","12":"onbackorder","13":"taxable","14":"shipping-taxable","15":"purchasable","16":"product-type-variable","17":"has-default-attributes"},"jetpack_sharing_enabled":true,"_links":{"self":[{"href":"https:\/\/eversor.be\/fr\/wp-json\/wp\/v2\/product\/11703","targetHints":{"allow":["GET"]}}],"collection":[{"href":"https:\/\/eversor.be\/fr\/wp-json\/wp\/v2\/product"}],"about":[{"href":"https:\/\/eversor.be\/fr\/wp-json\/wp\/v2\/types\/product"}],"replies":[{"embeddable":true,"href":"https:\/\/eversor.be\/fr\/wp-json\/wp\/v2\/comments?post=11703"}],"wp:attachment":[{"href":"https:\/\/eversor.be\/fr\/wp-json\/wp\/v2\/media?parent=11703"}],"wp:term":[{"taxonomy":"product_brand","embeddable":true,"href":"https:\/\/eversor.be\/fr\/wp-json\/wp\/v2\/product_brand?post=11703"},{"taxonomy":"product_cat","embeddable":true,"href":"https:\/\/eversor.be\/fr\/wp-json\/wp\/v2\/product_cat?post=11703"},{"taxonomy":"product_tag","embeddable":true,"href":"https:\/\/eversor.be\/fr\/wp-json\/wp\/v2\/product_tag?post=11703"}],"curies":[{"name":"wp","href":"https:\/\/api.w.org\/{rel}","templated":true}]}}