{"id":11721,"date":"2024-05-30T11:32:46","date_gmt":"2024-05-30T10:32:46","guid":{"rendered":"https:\/\/eversor.be\/product\/boite-a-souris-en-carton\/"},"modified":"2024-11-19T17:18:36","modified_gmt":"2024-11-19T16:18:36","slug":"boite-a-souris-en-carton","status":"publish","type":"product","link":"https:\/\/eversor.be\/fr\/produit\/boite-a-souris-en-carton\/","title":{"rendered":"Bo\u00eete \u00e0 souris en carton"},"content":{"rendered":"<p>Bo\u00eete d&rsquo;alimentation pour souris en carton permettant de placer le poison pour souris en toute s\u00e9curit\u00e9. Cette bo\u00eete \u00e0 app\u00e2ts est recouverte de poly\u00e9thyl\u00e8ne \u00e0 l&rsquo;int\u00e9rieur, ce qui prot\u00e8ge l&rsquo;app\u00e2t de l&rsquo;humidit\u00e9 et lui permet de rester solide plus longtemps. Les bo\u00eetes devraient pouvoir \u00eatre pr\u00e9-remplies de poison, par exemple de c\u00e9r\u00e9ales. Pour plus de s\u00e9curit\u00e9, l&rsquo;ext\u00e9rieur contient un avertissement clair concernant le poison. (1 pi\u00e8ce)<\/p>\n<p>Remarque ! Venin non inclus.<\/p>\n","protected":false},"excerpt":{"rendered":"<p>Bo\u00eete d&rsquo;app\u00e2t pour souris en carton pour placer en toute s\u00e9curit\u00e9 le poison pour souris. Remarque ! Venin non inclus. (1 pi\u00e8ce)<\/p>\n","protected":false},"featured_media":0,"comment_status":"open","ping_status":"closed","template":"","meta":{"content-type":""},"product_brand":[],"product_cat":[210],"product_tag":[],"class_list":{"0":"post-11721","1":"product","2":"type-product","3":"status-publish","5":"product_cat-souris","6":"sales-flash-overlay","7":"woocommerce-text-align-center","8":"woocommerce-image-align-center","9":"do-quantity-buttons","11":"first","12":"instock","13":"taxable","14":"shipping-taxable","15":"purchasable","16":"product-type-simple"},"jetpack_sharing_enabled":true,"_links":{"self":[{"href":"https:\/\/eversor.be\/fr\/wp-json\/wp\/v2\/product\/11721","targetHints":{"allow":["GET"]}}],"collection":[{"href":"https:\/\/eversor.be\/fr\/wp-json\/wp\/v2\/product"}],"about":[{"href":"https:\/\/eversor.be\/fr\/wp-json\/wp\/v2\/types\/product"}],"replies":[{"embeddable":true,"href":"https:\/\/eversor.be\/fr\/wp-json\/wp\/v2\/comments?post=11721"}],"wp:attachment":[{"href":"https:\/\/eversor.be\/fr\/wp-json\/wp\/v2\/media?parent=11721"}],"wp:term":[{"taxonomy":"product_brand","embeddable":true,"href":"https:\/\/eversor.be\/fr\/wp-json\/wp\/v2\/product_brand?post=11721"},{"taxonomy":"product_cat","embeddable":true,"href":"https:\/\/eversor.be\/fr\/wp-json\/wp\/v2\/product_cat?post=11721"},{"taxonomy":"product_tag","embeddable":true,"href":"https:\/\/eversor.be\/fr\/wp-json\/wp\/v2\/product_tag?post=11721"}],"curies":[{"name":"wp","href":"https:\/\/api.w.org\/{rel}","templated":true}]}}