{"id":11737,"date":"2024-04-01T21:47:49","date_gmt":"2024-04-01T20:47:49","guid":{"rendered":"https:\/\/eversor.be\/product\/evertrap-boite-dalimentation-modele-de-coin-pour-souris\/"},"modified":"2024-11-19T16:21:02","modified_gmt":"2024-11-19T15:21:02","slug":"evertrap-boite-dalimentation-modele-de-coin-pour-souris","status":"publish","type":"product","link":"https:\/\/eversor.be\/fr\/produit\/evertrap-boite-dalimentation-modele-de-coin-pour-souris\/","title":{"rendered":"EverTrap &#8211; Bo\u00eete d&rsquo;alimentation Mod\u00e8le de coin pour souris"},"content":{"rendered":"<p>Vous voulez lutter vous-m\u00eame contre les souris avec du poison en toute s\u00e9curit\u00e9 ? Dans ce cas, une bo\u00eete \u00e0 app\u00e2ts en plastique pour souris est un excellent choix. Cette version particuli\u00e8re peut \u00eatre plac\u00e9e dans les coins, \u00e0 l&rsquo;int\u00e9rieur comme \u00e0 l&rsquo;ext\u00e9rieur. En outre, ce nourrisseur constitue une solution s\u00fbre pour placer le poison pour souris, en le gardant \u00e0 l&rsquo;abri et cach\u00e9 des enfants et des animaux domestiques. La bo\u00eete \u00e0 app\u00e2ts garantit que seules les souris peuvent atteindre le poison, minimisant ainsi le risque d&rsquo;exposition ind\u00e9sirable.<\/p>\n<p>Note : Poison non inclus<\/p>\n","protected":false},"excerpt":{"rendered":"<p>Bo\u00eete \u00e0 app\u00e2ts en plastique pour souris. Cette installation sp\u00e9cifique est con\u00e7ue pour \u00eatre plac\u00e9e dans des coins, tant \u00e0 l&rsquo;int\u00e9rieur qu&rsquo;\u00e0 l&rsquo;ext\u00e9rieur. <br \/>Attention : Le poison n&rsquo;est pas inclus.<\/p>\n","protected":false},"featured_media":0,"comment_status":"open","ping_status":"closed","template":"","meta":{"content-type":""},"product_brand":[],"product_cat":[210],"product_tag":[],"class_list":{"0":"post-11737","1":"product","2":"type-product","3":"status-publish","5":"product_cat-souris","6":"sales-flash-overlay","7":"woocommerce-text-align-center","8":"woocommerce-image-align-center","9":"do-quantity-buttons","11":"first","12":"instock","13":"taxable","14":"shipping-taxable","15":"purchasable","16":"product-type-simple"},"jetpack_sharing_enabled":true,"_links":{"self":[{"href":"https:\/\/eversor.be\/fr\/wp-json\/wp\/v2\/product\/11737","targetHints":{"allow":["GET"]}}],"collection":[{"href":"https:\/\/eversor.be\/fr\/wp-json\/wp\/v2\/product"}],"about":[{"href":"https:\/\/eversor.be\/fr\/wp-json\/wp\/v2\/types\/product"}],"replies":[{"embeddable":true,"href":"https:\/\/eversor.be\/fr\/wp-json\/wp\/v2\/comments?post=11737"}],"wp:attachment":[{"href":"https:\/\/eversor.be\/fr\/wp-json\/wp\/v2\/media?parent=11737"}],"wp:term":[{"taxonomy":"product_brand","embeddable":true,"href":"https:\/\/eversor.be\/fr\/wp-json\/wp\/v2\/product_brand?post=11737"},{"taxonomy":"product_cat","embeddable":true,"href":"https:\/\/eversor.be\/fr\/wp-json\/wp\/v2\/product_cat?post=11737"},{"taxonomy":"product_tag","embeddable":true,"href":"https:\/\/eversor.be\/fr\/wp-json\/wp\/v2\/product_tag?post=11737"}],"curies":[{"name":"wp","href":"https:\/\/api.w.org\/{rel}","templated":true}]}}