{"id":11738,"date":"2024-04-01T22:24:28","date_gmt":"2024-04-01T21:24:28","guid":{"rendered":"https:\/\/eversor.be\/product\/evertrap-pince-a-souris\/"},"modified":"2024-11-19T16:58:02","modified_gmt":"2024-11-19T15:58:02","slug":"evertrap-pince-a-souris","status":"publish","type":"product","link":"https:\/\/eversor.be\/fr\/produit\/evertrap-pince-a-souris\/","title":{"rendered":"EverTrap &#8211; Pince \u00e0 souris"},"content":{"rendered":"<p>La pince \u00e0 souris EverTrap est une solution pratique pour lutter contre les souris \u00e0 la maison. Avec un m\u00e9canisme \u00e0 ressort puissant et une op\u00e9ration simple, vous pouvez attraper les souris rapidement et sans cruaut\u00e9. Durable et r\u00e9utilisable.<\/p>\n<p><strong>Mode d&#8217;emploi de la pince \u00e0 souris EverTrap<\/strong><\/p>\n<p><strong>Placement sur les voies de passage des souris<\/strong>: Identifiez les chemins emprunt\u00e9s par les souris et placez le pi\u00e8ge \u00e0 souris EverTrap \u00e0 des endroits strat\u00e9giques, comme le long des murs, dans les coins ou \u00e0 des points d&rsquo;entr\u00e9e potentiels.<\/p>\n<p><strong>Leurre<\/strong>: Augmentez l\u2019efficacit\u00e9 du pi\u00e8ge en ajoutant un leurre. Par exemple, ajoutez du beurre de cacahu\u00e8te, de la p\u00e2te \u00e0 tartiner au chocolat ou l&rsquo;un de nos attractifs non toxiques \u00e0 la pince pour augmenter l&rsquo;attraction pour les souris.<\/p>\n<p><strong>Securit\u00e9<\/strong>: La pince \u00e0 souris EverTrap est con\u00e7ue dans un souci de s\u00e9curit\u00e9, ce qui la rend s\u00fbre \u00e0 utiliser dans les m\u00e9nages avec des enfants et des animaux domestiques. Pour plus de s\u00e9curit\u00e9, il est recommand\u00e9 d&rsquo;utiliser la pince en combinaison avec une bo\u00eete d&rsquo;alimentation. La barre de mise \u00e0 mort jaune fournit une indication claire de la capture, surtout lorsqu&rsquo;elle est combin\u00e9e avec une bo\u00eete \u00e0 app\u00e2ts.<\/p>\n<p>Suivez ces \u00e9tapes simples et mettez rapidement fin \u00e0 votre probl\u00e8me de souris avec la pince \u00e0 souris EverTrap.<\/p>\n","protected":false},"excerpt":{"rendered":"<p>La pince \u00e0 souris EverTrap est une solution pratique pour lutter contre les souris \u00e0 la maison. Avec un m\u00e9canisme \u00e0 ressort puissant et une op\u00e9ration simple, vous pouvez attraper les souris rapidement et sans cruaut\u00e9. Durable et r\u00e9utilisable.<\/p>\n","protected":false},"featured_media":0,"comment_status":"open","ping_status":"closed","template":"","meta":{"content-type":""},"product_brand":[],"product_cat":[210],"product_tag":[226,213],"class_list":{"0":"post-11738","1":"product","2":"type-product","3":"status-publish","5":"product_cat-souris","6":"product_tag-rongeurs","7":"product_tag-sans-poison","8":"product_shipping_class-standard-fr","9":"sales-flash-overlay","10":"woocommerce-text-align-center","11":"woocommerce-image-align-center","12":"do-quantity-buttons","14":"first","15":"instock","16":"taxable","17":"shipping-taxable","18":"purchasable","19":"product-type-simple"},"jetpack_sharing_enabled":true,"_links":{"self":[{"href":"https:\/\/eversor.be\/fr\/wp-json\/wp\/v2\/product\/11738","targetHints":{"allow":["GET"]}}],"collection":[{"href":"https:\/\/eversor.be\/fr\/wp-json\/wp\/v2\/product"}],"about":[{"href":"https:\/\/eversor.be\/fr\/wp-json\/wp\/v2\/types\/product"}],"replies":[{"embeddable":true,"href":"https:\/\/eversor.be\/fr\/wp-json\/wp\/v2\/comments?post=11738"}],"wp:attachment":[{"href":"https:\/\/eversor.be\/fr\/wp-json\/wp\/v2\/media?parent=11738"}],"wp:term":[{"taxonomy":"product_brand","embeddable":true,"href":"https:\/\/eversor.be\/fr\/wp-json\/wp\/v2\/product_brand?post=11738"},{"taxonomy":"product_cat","embeddable":true,"href":"https:\/\/eversor.be\/fr\/wp-json\/wp\/v2\/product_cat?post=11738"},{"taxonomy":"product_tag","embeddable":true,"href":"https:\/\/eversor.be\/fr\/wp-json\/wp\/v2\/product_tag?post=11738"}],"curies":[{"name":"wp","href":"https:\/\/api.w.org\/{rel}","templated":true}]}}